{"id":30808,"date":"2024-05-27T11:07:56","date_gmt":"2024-05-27T09:07:56","guid":{"rendered":"https:\/\/www.y-dry.com\/multi\/prodotto\/unisex-kopfhoerer\/"},"modified":"2025-09-23T12:38:29","modified_gmt":"2025-09-23T10:38:29","slug":"unisex-kopfhoerer","status":"publish","type":"product","link":"https:\/\/www.y-dry.com\/de\/prod\/unisex-kopfhoerer\/","title":{"rendered":"Unisex-Kopfh\u00f6rer"},"content":{"rendered":"[vc_row type=&#8220;in_container&#8220; full_screen_row_position=&#8220;middle&#8220; column_margin=&#8220;default&#8220; column_direction=&#8220;default&#8220; column_direction_tablet=&#8220;default&#8220; column_direction_phone=&#8220;default&#8220; scene_position=&#8220;center&#8220; text_color=&#8220;dark&#8220; text_align=&#8220;left&#8220; row_border_radius=&#8220;none&#8220; row_border_radius_applies=&#8220;bg&#8220; overflow=&#8220;visible&#8220; overlay_strength=&#8220;0.3&#8243; gradient_direction=&#8220;left_to_right&#8220; shape_divider_position=&#8220;bottom&#8220; bg_image_animation=&#8220;none&#8220;][vc_column column_padding=&#8220;no-extra-padding&#8220; column_padding_tablet=&#8220;inherit&#8220; column_padding_phone=&#8220;inherit&#8220; column_padding_position=&#8220;all&#8220; column_element_direction_desktop=&#8220;default&#8220; column_element_spacing=&#8220;default&#8220; desktop_text_alignment=&#8220;default&#8220; tablet_text_alignment=&#8220;default&#8220; phone_text_alignment=&#8220;default&#8220; background_color_opacity=&#8220;1&#8243; background_hover_color_opacity=&#8220;1&#8243; column_backdrop_filter=&#8220;none&#8220; column_shadow=&#8220;none&#8220; column_border_radius=&#8220;none&#8220; column_link_target=&#8220;_self&#8220; column_position=&#8220;default&#8220; gradient_direction=&#8220;left_to_right&#8220; overlay_strength=&#8220;0.3&#8243; width=&#8220;1\/1&#8243; tablet_width_inherit=&#8220;default&#8220; animation_type=&#8220;default&#8220; bg_image_animation=&#8220;none&#8220; border_type=&#8220;simple&#8220; column_border_width=&#8220;none&#8220; column_border_style=&#8220;solid&#8220;][vc_video link=&#8220;https:\/\/youtu.be\/FZ_94yk1fAg?si=ajGsRw6Pf5mvFNXo&#8220; css=&#8220;&#8220;][\/vc_column][\/vc_row]\n","protected":false},"excerpt":{"rendered":"<h3><strong>Unisex-M\u00fctze, Einheitsgr\u00f6\u00dfe<\/strong><\/h3>\n","protected":false},"featured_media":25236,"template":"","meta":[],"product_brand":[],"product_cat":[555],"product_tag":[],"class_list":{"0":"post-30808","1":"product","2":"type-product","3":"status-publish","4":"has-post-thumbnail","6":"product_cat-zubehor","8":"first","9":"instock","10":"shipping-taxable","11":"purchasable","12":"product-type-variable"},"yoast_head":"<!-- This site is optimized with the Yoast SEO plugin v27.3 - https:\/\/yoast.com\/product\/yoast-seo-wordpress\/ -->\n<title>Unisex-Kopfh\u00f6rer - Y-DRY ombrelli, accessori pioggia, cappelli, parka<\/title>\n<meta name=\"description\" content=\"Bunte Unisex-M\u00fctze passend zum Stitch Regenschirm\" \/>\n<meta name=\"robots\" content=\"index, follow, max-snippet:-1, max-image-preview:large, max-video-preview:-1\" \/>\n<link rel=\"canonical\" href=\"https:\/\/www.y-dry.com\/de\/prod\/unisex-kopfhoerer\/\" \/>\n<meta property=\"og:locale\" content=\"de_DE\" \/>\n<meta property=\"og:type\" content=\"article\" \/>\n<meta property=\"og:title\" content=\"Unisex-Kopfh\u00f6rer - Y-DRY ombrelli, accessori pioggia, cappelli, parka\" \/>\n<meta property=\"og:description\" content=\"Bunte Unisex-M\u00fctze passend zum Stitch Regenschirm\" \/>\n<meta property=\"og:url\" content=\"https:\/\/www.y-dry.com\/de\/prod\/unisex-kopfhoerer\/\" \/>\n<meta property=\"og:site_name\" content=\"Y-DRY ombrelli, accessori pioggia, cappelli, parka\" \/>\n<meta property=\"article:publisher\" content=\"https:\/\/www.facebook.com\/ydryofficial\" \/>\n<meta property=\"article:modified_time\" content=\"2025-09-23T10:38:29+00:00\" \/>\n<meta property=\"og:image\" content=\"https:\/\/www.y-dry.com\/wp-content\/uploads\/2023\/10\/Y-hats-BLK.jpg\" \/>\n\t<meta property=\"og:image:width\" content=\"1024\" \/>\n\t<meta property=\"og:image:height\" content=\"1024\" \/>\n\t<meta property=\"og:image:type\" content=\"image\/jpeg\" \/>\n<meta name=\"twitter:card\" content=\"summary_large_image\" \/>\n<script type=\"application\/ld+json\" class=\"yoast-schema-graph\">{\"@context\":\"https:\\\/\\\/schema.org\",\"@graph\":[{\"@type\":\"WebPage\",\"@id\":\"https:\\\/\\\/www.y-dry.com\\\/de\\\/prod\\\/unisex-kopfhoerer\\\/\",\"url\":\"https:\\\/\\\/www.y-dry.com\\\/de\\\/prod\\\/unisex-kopfhoerer\\\/\",\"name\":\"Unisex-Kopfh\u00f6rer - Y-DRY ombrelli, accessori pioggia, cappelli, parka\",\"isPartOf\":{\"@id\":\"https:\\\/\\\/www.y-dry.com\\\/de\\\/#website\"},\"primaryImageOfPage\":{\"@id\":\"https:\\\/\\\/www.y-dry.com\\\/de\\\/prod\\\/unisex-kopfhoerer\\\/#primaryimage\"},\"image\":{\"@id\":\"https:\\\/\\\/www.y-dry.com\\\/de\\\/prod\\\/unisex-kopfhoerer\\\/#primaryimage\"},\"thumbnailUrl\":\"https:\\\/\\\/i0.wp.com\\\/www.y-dry.com\\\/wp-content\\\/uploads\\\/2023\\\/10\\\/Y-hats-BLK.jpg?fit=1024%2C1024&ssl=1\",\"datePublished\":\"2024-05-27T09:07:56+00:00\",\"dateModified\":\"2025-09-23T10:38:29+00:00\",\"description\":\"Bunte Unisex-M\u00fctze passend zum Stitch Regenschirm\",\"breadcrumb\":{\"@id\":\"https:\\\/\\\/www.y-dry.com\\\/de\\\/prod\\\/unisex-kopfhoerer\\\/#breadcrumb\"},\"inLanguage\":\"de\",\"potentialAction\":[{\"@type\":\"ReadAction\",\"target\":[\"https:\\\/\\\/www.y-dry.com\\\/de\\\/prod\\\/unisex-kopfhoerer\\\/\"]}]},{\"@type\":\"ImageObject\",\"inLanguage\":\"de\",\"@id\":\"https:\\\/\\\/www.y-dry.com\\\/de\\\/prod\\\/unisex-kopfhoerer\\\/#primaryimage\",\"url\":\"https:\\\/\\\/i0.wp.com\\\/www.y-dry.com\\\/wp-content\\\/uploads\\\/2023\\\/10\\\/Y-hats-BLK.jpg?fit=1024%2C1024&ssl=1\",\"contentUrl\":\"https:\\\/\\\/i0.wp.com\\\/www.y-dry.com\\\/wp-content\\\/uploads\\\/2023\\\/10\\\/Y-hats-BLK.jpg?fit=1024%2C1024&ssl=1\",\"width\":1024,\"height\":1024},{\"@type\":\"BreadcrumbList\",\"@id\":\"https:\\\/\\\/www.y-dry.com\\\/de\\\/prod\\\/unisex-kopfhoerer\\\/#breadcrumb\",\"itemListElement\":[{\"@type\":\"ListItem\",\"position\":1,\"name\":\"Heim\",\"item\":\"https:\\\/\\\/www.y-dry.com\\\/de\\\/\"},{\"@type\":\"ListItem\",\"position\":2,\"name\":\"Online-Shop\",\"item\":\"https:\\\/\\\/www.y-dry.com\\\/de\\\/online-shop\\\/\"},{\"@type\":\"ListItem\",\"position\":3,\"name\":\"Unisex-Kopfh\u00f6rer\"}]},{\"@type\":\"WebSite\",\"@id\":\"https:\\\/\\\/www.y-dry.com\\\/de\\\/#website\",\"url\":\"https:\\\/\\\/www.y-dry.com\\\/de\\\/\",\"name\":\"Y-DRY ombrelli, accessori pioggia, cappelli, parka\",\"description\":\"il lato bello del brutto tempo\",\"potentialAction\":[{\"@type\":\"SearchAction\",\"target\":{\"@type\":\"EntryPoint\",\"urlTemplate\":\"https:\\\/\\\/www.y-dry.com\\\/de\\\/?s={search_term_string}\"},\"query-input\":{\"@type\":\"PropertyValueSpecification\",\"valueRequired\":true,\"valueName\":\"search_term_string\"}}],\"inLanguage\":\"de\"}]}<\/script>\n<!-- \/ Yoast SEO plugin. -->","yoast_head_json":{"title":"Unisex-Kopfh\u00f6rer - Y-DRY ombrelli, accessori pioggia, cappelli, parka","description":"Bunte Unisex-M\u00fctze passend zum Stitch Regenschirm","robots":{"index":"index","follow":"follow","max-snippet":"max-snippet:-1","max-image-preview":"max-image-preview:large","max-video-preview":"max-video-preview:-1"},"canonical":"https:\/\/www.y-dry.com\/de\/prod\/unisex-kopfhoerer\/","og_locale":"de_DE","og_type":"article","og_title":"Unisex-Kopfh\u00f6rer - Y-DRY ombrelli, accessori pioggia, cappelli, parka","og_description":"Bunte Unisex-M\u00fctze passend zum Stitch Regenschirm","og_url":"https:\/\/www.y-dry.com\/de\/prod\/unisex-kopfhoerer\/","og_site_name":"Y-DRY ombrelli, accessori pioggia, cappelli, parka","article_publisher":"https:\/\/www.facebook.com\/ydryofficial","article_modified_time":"2025-09-23T10:38:29+00:00","og_image":[{"width":1024,"height":1024,"url":"https:\/\/www.y-dry.com\/wp-content\/uploads\/2023\/10\/Y-hats-BLK.jpg","type":"image\/jpeg"}],"twitter_card":"summary_large_image","schema":{"@context":"https:\/\/schema.org","@graph":[{"@type":"WebPage","@id":"https:\/\/www.y-dry.com\/de\/prod\/unisex-kopfhoerer\/","url":"https:\/\/www.y-dry.com\/de\/prod\/unisex-kopfhoerer\/","name":"Unisex-Kopfh\u00f6rer - Y-DRY ombrelli, accessori pioggia, cappelli, parka","isPartOf":{"@id":"https:\/\/www.y-dry.com\/de\/#website"},"primaryImageOfPage":{"@id":"https:\/\/www.y-dry.com\/de\/prod\/unisex-kopfhoerer\/#primaryimage"},"image":{"@id":"https:\/\/www.y-dry.com\/de\/prod\/unisex-kopfhoerer\/#primaryimage"},"thumbnailUrl":"https:\/\/i0.wp.com\/www.y-dry.com\/wp-content\/uploads\/2023\/10\/Y-hats-BLK.jpg?fit=1024%2C1024&ssl=1","datePublished":"2024-05-27T09:07:56+00:00","dateModified":"2025-09-23T10:38:29+00:00","description":"Bunte Unisex-M\u00fctze passend zum Stitch Regenschirm","breadcrumb":{"@id":"https:\/\/www.y-dry.com\/de\/prod\/unisex-kopfhoerer\/#breadcrumb"},"inLanguage":"de","potentialAction":[{"@type":"ReadAction","target":["https:\/\/www.y-dry.com\/de\/prod\/unisex-kopfhoerer\/"]}]},{"@type":"ImageObject","inLanguage":"de","@id":"https:\/\/www.y-dry.com\/de\/prod\/unisex-kopfhoerer\/#primaryimage","url":"https:\/\/i0.wp.com\/www.y-dry.com\/wp-content\/uploads\/2023\/10\/Y-hats-BLK.jpg?fit=1024%2C1024&ssl=1","contentUrl":"https:\/\/i0.wp.com\/www.y-dry.com\/wp-content\/uploads\/2023\/10\/Y-hats-BLK.jpg?fit=1024%2C1024&ssl=1","width":1024,"height":1024},{"@type":"BreadcrumbList","@id":"https:\/\/www.y-dry.com\/de\/prod\/unisex-kopfhoerer\/#breadcrumb","itemListElement":[{"@type":"ListItem","position":1,"name":"Heim","item":"https:\/\/www.y-dry.com\/de\/"},{"@type":"ListItem","position":2,"name":"Online-Shop","item":"https:\/\/www.y-dry.com\/de\/online-shop\/"},{"@type":"ListItem","position":3,"name":"Unisex-Kopfh\u00f6rer"}]},{"@type":"WebSite","@id":"https:\/\/www.y-dry.com\/de\/#website","url":"https:\/\/www.y-dry.com\/de\/","name":"Y-DRY ombrelli, accessori pioggia, cappelli, parka","description":"il lato bello del brutto tempo","potentialAction":[{"@type":"SearchAction","target":{"@type":"EntryPoint","urlTemplate":"https:\/\/www.y-dry.com\/de\/?s={search_term_string}"},"query-input":{"@type":"PropertyValueSpecification","valueRequired":true,"valueName":"search_term_string"}}],"inLanguage":"de"}]}},"jetpack_sharing_enabled":true,"_links":{"self":[{"href":"https:\/\/www.y-dry.com\/de\/wp-json\/wp\/v2\/product\/30808","targetHints":{"allow":["GET"]}}],"collection":[{"href":"https:\/\/www.y-dry.com\/de\/wp-json\/wp\/v2\/product"}],"about":[{"href":"https:\/\/www.y-dry.com\/de\/wp-json\/wp\/v2\/types\/product"}],"wp:featuredmedia":[{"embeddable":true,"href":"https:\/\/www.y-dry.com\/de\/wp-json\/wp\/v2\/media\/25236"}],"wp:attachment":[{"href":"https:\/\/www.y-dry.com\/de\/wp-json\/wp\/v2\/media?parent=30808"}],"wp:term":[{"taxonomy":"product_brand","embeddable":true,"href":"https:\/\/www.y-dry.com\/de\/wp-json\/wp\/v2\/product_brand?post=30808"},{"taxonomy":"product_cat","embeddable":true,"href":"https:\/\/www.y-dry.com\/de\/wp-json\/wp\/v2\/product_cat?post=30808"},{"taxonomy":"product_tag","embeddable":true,"href":"https:\/\/www.y-dry.com\/de\/wp-json\/wp\/v2\/product_tag?post=30808"}],"curies":[{"name":"wp","href":"https:\/\/api.w.org\/{rel}","templated":true}]}}